{"id":9,"date":"2026-04-27T09:15:39","date_gmt":"2026-04-27T12:15:39","guid":{"rendered":"https:\/\/agenciaescala.com.br\/raio-x-bottero\/?page_id=9"},"modified":"2026-05-04T09:44:06","modified_gmt":"2026-05-04T12:44:06","slug":"home","status":"publish","type":"page","link":"https:\/\/agenciaescala.com.br\/raio-x\/","title":{"rendered":"Home"},"content":{"rendered":"<div class=\"et_pb_section_0 et_pb_section et_section_regular et_flex_section\">\n<div class=\"et_pb_row_0 et_pb_row et_flex_row\">\n<div class=\"et_pb_column_0 et_pb_column et-last-child et_flex_column et_pb_css_mix_blend_mode_passthrough et_flex_column_24_24 et_flex_column_24_24_tablet et_flex_column_24_24_phone\">\n<div class=\"et_pb_code_0 et_pb_code et_pb_module\"><div class=\"et_pb_code_inner\"><div class=\"raio-x-lp\">\n\n  <!-- =================== HERO =================== -->\n  <header class=\"hero\">\n    <div class=\"wrap hero-grid\">\n\n      <!-- LEFT: HEADLINE + PROPOSTA -->\n      <div class=\"hero-left\">\n        <span class=\"tag\">\/raio-x de growth<\/span>\n\n        <h1>\n          Descubra o que est\u00e1 travando o\n          <em class=\"italic\">crescimento da sua marca<\/em>\n        <\/h1>\n\n        <p class=\"lead\">\n          Diagn\u00f3stico executivo que analisa a <strong>capacidade de crescimento<\/strong>\n          da sua empresa cruzando <span class=\"ph\">7 dimens\u00f5es estrat\u00e9gicas<\/span>.\n          Sem rodeio. Sem marketing t\u00e1tico. Com uma oportunidade de neg\u00f3cio.\n        <\/p>\n\n        <ul class=\"proof\">\n          <li>\n            <svg viewBox=\"0 0 16 16\" fill=\"none\" stroke=\"currentColor\" stroke-width=\"1.6\"><path d=\"M2 13h12M4 13V8M8 13V4M12 13V10\"\/><\/svg>\n            Dados p\u00fablicos audit\u00e1veis\n          <\/li>\n          <li>\n            <svg viewBox=\"0 0 16 16\" fill=\"none\" stroke=\"currentColor\" stroke-width=\"1.6\"><circle cx=\"8\" cy=\"8\" r=\"6\"\/><path d=\"M8 4v4l2.5 2.5\"\/><\/svg>\n            Benchmarks por segmento\n          <\/li>\n          <li>\n            <svg viewBox=\"0 0 16 16\" fill=\"none\" stroke=\"currentColor\" stroke-width=\"1.6\"><rect x=\"3\" y=\"4\" width=\"10\" height=\"9\" rx=\"1.5\"\/><path d=\"M6 4V2.5M10 4V2.5M3 7h10M6 10h1M9 10h1\"\/><\/svg>\n            Sistema de IA multimodelo propriet\u00e1rio\n          <\/li>\n        <\/ul>\n\n        <dl class=\"hero-meta\">\n          <div><dt>entrega<\/dt><dd>Digital<\/dd><\/div>\n          <div><dt>formato<\/dt><dd>Resumo executivo por WhatsApp + p\u00e1gina exclusiva da sua empresa com acesso por senha<\/dd><\/div>\n          <div><dt>investimento<\/dt><dd>Gratuito<\/dd><\/div>\n        <\/dl>\n      <\/div>\n\n      <!-- RIGHT: FORM -->\n      <div class=\"hero-right\">\n                                <style id=\"escala-raiox-form-helpers-css\">\n            .raio-x-lp .rxlp-sr-only {\n                position: absolute !important;\n                width: 1px !important;\n                height: 1px !important;\n                padding: 0 !important;\n                margin: -1px !important;\n                overflow: hidden !important;\n                clip: rect(0, 0, 0, 0) !important;\n                white-space: nowrap !important;\n                border: 0 !important;\n            }\n        <\/style>\n        <form method=\"post\" class=\"form-card escala-raiox-form\" id=\"rxlp-lead-form\">\n            <input type=\"hidden\" id=\"escala_raiox_nonce\" name=\"escala_raiox_nonce\" value=\"d7ffed1be5\" \/><input type=\"hidden\" name=\"_wp_http_referer\" value=\"\/raio-x\/wp-json\/wp\/v2\/pages\/9\" \/>            <div class=\"form-head\"><span class=\"form-tag\">\/cadastro<\/span><h3>Quero o <em>Raio-X<\/em> da minha empresa<\/h3><p>Esse diagn\u00f3stico foi desenvolvido para empresas que possuem opera\u00e7\u00e3o de marketing estruturada, com investimento cont\u00ednuo e gera\u00e7\u00e3o de dados \u2014 condi\u00e7\u00f5es que s\u00e3o requisitos para an\u00e1lise consistente e acion\u00e1vel.<\/p><\/div>\n            <div class=\"field\"><label for=\"rxlp-nome\">Nome<\/label><input id=\"rxlp-nome\" name=\"raiox_nome\" type=\"text\" placeholder=\"Como podemos te chamar\" required autocomplete=\"name\"><\/div>\n            <div class=\"field-row\"><div class=\"field\"><label for=\"rxlp-email\">E-mail corporativo<\/label><input id=\"rxlp-email\" name=\"raiox_email\" type=\"email\" placeholder=\"voce@suaempresa.com\" required autocomplete=\"email\"><\/div><div class=\"field\"><label for=\"rxlp-celular\">Telefone\/WhatsApp<\/label><input id=\"rxlp-celular\" name=\"raiox_celular\" type=\"tel\" placeholder=\"(51)9999-9999\" required autocomplete=\"tel\" inputmode=\"tel\" maxlength=\"14\"><\/div><\/div>\n            <div class=\"field-row\"><div class=\"field\"><label for=\"rxlp-empresa\">Empresa<\/label><input id=\"rxlp-empresa\" name=\"raiox_empresa\" type=\"text\" placeholder=\"Raz\u00e3o social ou marca\" required autocomplete=\"organization\"><\/div><div class=\"field\"><label for=\"rxlp-cargo\">Cargo<\/label><input id=\"rxlp-cargo\" name=\"raiox_cargo\" type=\"text\" placeholder=\"CEO, CMO, Head\u2026\" required><\/div><\/div>\n            <div class=\"field-row\"><div class=\"field\"><label for=\"rxlp-setor\">Setor<\/label><select id=\"rxlp-setor\" name=\"raiox_segmento\" required><option value=\"\" disabled selected>Selecione<\/option><option value=\"Agroneg\u00f3cios\">Agroneg\u00f3cios<\/option><option value=\"Alimentos\">Alimentos<\/option><option value=\"Associa\u00e7\u00f5es\">Associa\u00e7\u00f5es<\/option><option value=\"Avia\u00e7\u00e3o\">Avia\u00e7\u00e3o<\/option><option value=\"Bebidas\">Bebidas<\/option><option value=\"Cal\u00e7ados\">Cal\u00e7ados<\/option><option value=\"Combust\u00edveis\">Combust\u00edveis<\/option><option value=\"Constru\u00e7\u00e3o\">Constru\u00e7\u00e3o<\/option><option value=\"Decora\u00e7\u00e3o\">Decora\u00e7\u00e3o<\/option><option value=\"Diversos\">Diversos<\/option><option value=\"Educa\u00e7\u00e3o\">Educa\u00e7\u00e3o<\/option><option value=\"Eletrodom\u00e9sticos\">Eletrodom\u00e9sticos<\/option><option value=\"Eletr\u00f4nicos\">Eletr\u00f4nicos<\/option><option value=\"Energia\">Energia<\/option><option value=\"Esportes\">Esportes<\/option><option value=\"Ferramentas\">Ferramentas<\/option><option value=\"Financeiro\">Financeiro<\/option><option value=\"Higiene\">Higiene<\/option><option value=\"Higiene e Limpeza\">Higiene e Limpeza<\/option><option value=\"Hotelaria\">Hotelaria<\/option><option value=\"Imobili\u00e1rio\">Imobili\u00e1rio<\/option><option value=\"Jogos\">Jogos<\/option><option value=\"Limpeza\">Limpeza<\/option><option value=\"M\u00f3veis\">M\u00f3veis<\/option><option value=\"Sa\u00fade\">Sa\u00fade<\/option><option value=\"Servi\u00e7os\">Servi\u00e7os<\/option><option value=\"Servi\u00e7os Privados\">Servi\u00e7os Privados<\/option><option value=\"Servi\u00e7os P\u00fablicos\">Servi\u00e7os P\u00fablicos<\/option><option value=\"Shoppings\">Shoppings<\/option><option value=\"Tecnologia\">Tecnologia<\/option><option value=\"T\u00eaxtil\">T\u00eaxtil<\/option><option value=\"Turismo\">Turismo<\/option><option value=\"Utens\u00edlios\">Utens\u00edlios<\/option><option value=\"Varejo Alimentos\">Varejo Alimentos<\/option><option value=\"Varejo Autope\u00e7as\">Varejo Autope\u00e7as<\/option><option value=\"Varejo Dom\u00e9stico\">Varejo Dom\u00e9stico<\/option><option value=\"Varejo Mercados\">Varejo Mercados<\/option><option value=\"Varejo Moda\">Varejo Moda<\/option><option value=\"Varejo Papelaria\">Varejo Papelaria<\/option><option value=\"Ve\u00edculos\">Ve\u00edculos<\/option><option value=\"Outros\">Outros<\/option><\/select><\/div><div class=\"field\"><label for=\"rxlp-porte\">Faturamento aprox.<\/label><select id=\"rxlp-porte\" name=\"raiox_porte\" required><option value=\"\" disabled selected>Selecione<\/option><option value=\"At\u00e9 R$ 50M\">At\u00e9 R$ 50M<\/option><option value=\"R$ 50M \u2013 R$ 200M\">R$ 50M \u2013 R$ 200M<\/option><option value=\"R$ 200M \u2013 R$ 1B\">R$ 200M \u2013 R$ 1B<\/option><option value=\"Acima de R$ 1B\">Acima de R$ 1B<\/option><option value=\"Prefiro n\u00e3o responder\">Prefiro n\u00e3o responder<\/option><\/select><\/div><\/div>\n            <div class=\"field\"><label for=\"rxlp-canal\">Principal canal digital<\/label><select id=\"rxlp-canal\" name=\"raiox_canal\" required><option value=\"\" disabled selected>Selecione<\/option><option value=\"Site institucional\">Site institucional<\/option><option value=\"E-commerce\">E-commerce<\/option><option value=\"Instagram\">Instagram<\/option><option value=\"Facebook\">Facebook<\/option><option value=\"TikTok\">TikTok<\/option><option value=\"LinkedIn\">LinkedIn<\/option><option value=\"YouTube\">YouTube<\/option><\/select><\/div>\n            <div class=\"field\"><label for=\"rxlp-concorrente-1\">3 principais concorrentes<\/label><input id=\"rxlp-concorrente-1\" name=\"raiox_concorrente_1\" type=\"text\" placeholder=\"Concorrente 1\" required><\/div>\n            <div class=\"field-row\"><div class=\"field\"><label for=\"rxlp-concorrente-2\" class=\"rxlp-sr-only\">Concorrente 2<\/label><input id=\"rxlp-concorrente-2\" name=\"raiox_concorrente_2\" type=\"text\" placeholder=\"Concorrente 2\" required><\/div><div class=\"field\"><label for=\"rxlp-concorrente-3\" class=\"rxlp-sr-only\">Concorrente 3<\/label><input id=\"rxlp-concorrente-3\" name=\"raiox_concorrente_3\" type=\"text\" placeholder=\"Concorrente 3\" required><\/div><\/div>\n            <input type=\"hidden\" name=\"escala_raiox_submit\" value=\"1\">\n            <button type=\"submit\" class=\"btn-primary\">Quero meu Raio-X<svg width=\"16\" height=\"16\" viewBox=\"0 0 16 16\" fill=\"none\" stroke=\"currentColor\" stroke-width=\"2\"><path d=\"M3 8h10M9 4l4 4-4 4\"\/><\/svg><\/button>\n            <p class=\"form-fine\">Confidencial \u00b7 Sem spam<\/p>\n        <\/form>\n        <script>(function(){var phone=document.getElementById('rxlp-celular');if(phone&&phone.dataset.raioxMaskReady!=='1'){phone.dataset.raioxMaskReady='1';var mask=function(){var d=phone.value.replace(\/\\D\/g,'').slice(0,11);if(d.length>10){phone.value='('+d.slice(0,2)+')'+d.slice(2,7)+'-'+d.slice(7);}else if(d.length>6){phone.value='('+d.slice(0,2)+')'+d.slice(2,6)+'-'+d.slice(6);}else if(d.length>2){phone.value='('+d.slice(0,2)+')'+d.slice(2);}else if(d.length>0){phone.value='('+d;}else{phone.value='';}};phone.addEventListener('input',mask);phone.addEventListener('blur',mask);}})();<\/script>\n        \n      <\/div>\n\n    <\/div>\n  <\/header>\n\n\n  <!-- =================== O QUE VOC\u00ca RECEBE =================== -->\n  <section class=\"recebe\">\n    <div class=\"wrap\">\n      <div class=\"section-head\">\n        <span class=\"tag tag-quiet\">\/o que voc\u00ea recebe<\/span>\n        <h2>Tr\u00eas entregas. <em>Um caminho claro.<\/em><\/h2>\n        <p class=\"sub\">Nada de relat\u00f3rio de 80 p\u00e1ginas que ningu\u00e9m l\u00ea. O Raio-X devolve apenas o que importa para quem responde por crescimento \u2014 em formato de leitura executiva.<\/p>\n      <\/div>\n\n      <div class=\"recebe-grid\">\n        <div class=\"recebe-card\">\n          <span class=\"num\">\/01<\/span>\n          <div class=\"ic\">\n            <svg width=\"22\" height=\"22\" viewBox=\"0 0 22 22\" fill=\"none\" stroke=\"currentColor\" stroke-width=\"1.6\"><circle cx=\"11\" cy=\"11\" r=\"8\"\/><path d=\"M11 5v6l4 2\"\/><\/svg>\n          <\/div>\n          <h3>Capacidade de crescimento<\/h3>\n          <p>Um Score de 0 a 100 que traduz o potencial real da sua marca em uma leitura executiva imediata \u2014 compar\u00e1vel, defend\u00edvel, acion\u00e1vel.<\/p>\n        <\/div>\n\n        <div class=\"recebe-card\">\n          <span class=\"num\">\/02<\/span>\n          <div class=\"ic\">\n            <svg width=\"22\" height=\"22\" viewBox=\"0 0 22 22\" fill=\"none\" stroke=\"currentColor\" stroke-width=\"1.6\"><path d=\"M11 2l9 16H2L11 2z\"\/><path d=\"M11 9v4M11 16v.5\"\/><\/svg>\n          <\/div>\n          <h3>Tens\u00f5es que travam o resultado<\/h3>\n          <p>Os 3 fatores que mais limitam crescimento hoje. Sinalizados, nomeados, priorizados.<\/p>\n        <\/div>\n\n        <div class=\"recebe-card\">\n          <span class=\"num\">\/03<\/span>\n          <div class=\"ic\">\n            <svg width=\"22\" height=\"22\" viewBox=\"0 0 22 22\" fill=\"none\" stroke=\"currentColor\" stroke-width=\"1.6\"><path d=\"M11 2l3 7h7l-5.5 4.5L17.5 20 11 16l-6.5 4 2-6.5L1 9h7L11 2z\"\/><\/svg>\n          <\/div>\n          <h3>A oportunidade mais clara agora<\/h3>\n          <p>1 movimento de neg\u00f3cio com maior potencial de destravar valor \u2014 escolhido a partir do cruzamento de marca, canal, produto e execu\u00e7\u00e3o.<\/p>\n        <\/div>\n      <\/div>\n    <\/div>\n  <\/section>\n\n\n  <!-- =================== SCORE DE CRESCIMENTO =================== -->\n  <section class=\"score\" id=\"rxlp-score\">\n    <div class=\"wrap\">\n      <div class=\"score-layout\">\n\n        <!-- MOCKUP DO SCORE -->\n        <div class=\"score-mock\">\n          <div class=\"score-mock-head\">\n            <span class=\"label\">\/ score de crescimento<\/span>\n            <span class=\"pill\">exemplo<\/span>\n          <\/div>\n\n          <div class=\"big-num\">\n            <span class=\"n\">61<\/span>\n            <span class=\"d\">\/100<\/span>\n          <\/div>\n\n          <div class=\"score-status\">crescimento com fric\u00e7\u00f5es<\/div>\n\n          <div class=\"ruler-bar\">\n            <span><\/span><span><\/span><span><\/span><span><\/span>\n          <\/div>\n          <div class=\"ruler-labels\">\n            <span>0\u201339 <small>comprometido<\/small><\/span>\n            <span>40\u201359 <small>inst\u00e1vel<\/small><\/span>\n            <span>60\u201379 <small>com fric\u00e7\u00f5es<\/small><\/span>\n            <span>80\u2013100 <small>estruturado<\/small><\/span>\n          <\/div>\n\n          <div class=\"score-disclaimer\">\n            <span>\u00b7 faixa propriet\u00e1ria escala<\/span>\n            <span>\u00b7 abr \u00b7 2026<\/span>\n          <\/div>\n        <\/div>\n\n        <!-- TEXTO DO SCORE -->\n        <div class=\"score-text\">\n          <span class=\"tag\" style=\"margin-bottom:1.25rem\">\/o n\u00famero que importa<\/span>\n          <h2>1 n\u00famero que traduz <em>potencial.<\/em><\/h2>\n          <p>O <strong>Score de Crescimento<\/strong> mede a capacidade atual da sua empresa gerar crescimento previs\u00edvel \u2014 equilibrando marca, canal, produto e execu\u00e7\u00e3o. Uma \u00fanica nota que cabe num e-mail. E que sustenta uma decis\u00e3o de C-level.<\/p>\n\n          <span class=\"pillars-intro\">Em 6 frentes que importam:<\/span>\n          <div class=\"pillars\">\n            <div class=\"pillar\">\n              <span class=\"pic\"><svg viewBox=\"0 0 16 16\" fill=\"none\" stroke=\"currentColor\" stroke-width=\"1.6\"><rect x=\"2\" y=\"3\" width=\"12\" height=\"9\" rx=\"1\"\/><path d=\"M5 14h6\"\/><\/svg><\/span>\n              <span><span class=\"pn\">\/01<\/span><span class=\"pt\">Presen\u00e7a & Performance Digital<\/span><\/span>\n            <\/div>\n            <div class=\"pillar\">\n              <span class=\"pic\"><svg viewBox=\"0 0 16 16\" fill=\"none\" stroke=\"currentColor\" stroke-width=\"1.6\"><circle cx=\"7\" cy=\"7\" r=\"4.5\"\/><path d=\"M10.5 10.5L14 14\"\/><\/svg><\/span>\n              <span><span class=\"pn\">\/02<\/span><span class=\"pt\">Visibilidade & Demanda<\/span><\/span>\n            <\/div>\n            <div class=\"pillar\">\n              <span class=\"pic\"><svg viewBox=\"0 0 16 16\" fill=\"none\" stroke=\"currentColor\" stroke-width=\"1.6\"><path d=\"M2 11V5l8-3v12l-8-3zM10 4l4 1v6l-4 1\"\/><\/svg><\/span>\n              <span><span class=\"pn\">\/03<\/span><span class=\"pt\">Narrativa & Diferencia\u00e7\u00e3o<\/span><\/span>\n            <\/div>\n            <div class=\"pillar\">\n              <span class=\"pic\"><svg viewBox=\"0 0 16 16\" fill=\"none\" stroke=\"currentColor\" stroke-width=\"1.6\"><path d=\"M2 6h12l-1 8H3L2 6zM5 6V4a3 3 0 0 1 6 0v2\"\/><\/svg><\/span>\n              <span><span class=\"pn\">\/04<\/span><span class=\"pt\">Go-to-Market & Canais<\/span><\/span>\n            <\/div>\n            <div class=\"pillar\">\n              <span class=\"pic\"><svg viewBox=\"0 0 16 16\" fill=\"none\" stroke=\"currentColor\" stroke-width=\"1.6\"><path d=\"M2 5l6-3 6 3v6l-6 3-6-3V5zM2 5l6 3 6-3M8 8v6\"\/><\/svg><\/span>\n              <span><span class=\"pn\">\/05<\/span><span class=\"pt\">Produto & Portf\u00f3lio<\/span><\/span>\n            <\/div>\n            <div class=\"pillar\">\n              <span class=\"pic\"><svg viewBox=\"0 0 16 16\" fill=\"none\" stroke=\"currentColor\" stroke-width=\"1.6\"><path d=\"M2 12l4-4 3 3 5-6M14 5h-3M14 5v3\"\/><\/svg><\/span>\n              <span><span class=\"pn\">\/06<\/span><span class=\"pt\">Efici\u00eancia de Crescimento<\/span><\/span>\n            <\/div>\n          <\/div>\n        <\/div>\n\n      <\/div>\n    <\/div>\n  <\/section>\n\n\n  <!-- =================== POR QUE FUNCIONA =================== -->\n  <section class=\"porque\">\n    <div class=\"wrap\">\n      <div class=\"section-head\">\n        <span class=\"tag tag-quiet\">\/por que funciona<\/span>\n        <h2>M\u00e9todo exclusivo da \u00e1rea de <em>Business Intelligence<\/em> da ag\u00eancia.<\/h2>\n        <p class=\"sub\">O Raio-X n\u00e3o roda no feeling. Combina tr\u00eas camadas que, juntas, geram uma an\u00e1lise externa que conecta com a dor real de cada segmento. A empresa poder\u00e1 complementar com sua vis\u00e3o interna, criando um diagn\u00f3stico que vira decis\u00e3o.<\/p>\n      <\/div>\n\n      <div class=\"porque-grid\">\n        <div class=\"porque-item\">\n          <span class=\"pn\">\/01<\/span>\n          <div class=\"pi\">\n            <svg width=\"18\" height=\"18\" viewBox=\"0 0 18 18\" fill=\"none\" stroke=\"currentColor\" stroke-width=\"1.6\"><rect x=\"2\" y=\"3\" width=\"14\" height=\"12\" rx=\"1\"\/><path d=\"M2 7h14M5 11h2M5 13h4\"\/><\/svg>\n          <\/div>\n          <h3>Dados p\u00fablicos audit\u00e1veis<\/h3>\n          <p>Sinais oficiais, perfis verificados, fontes setoriais nominadas. Cada n\u00famero rastre\u00e1vel. Sem caixa-preta, sem opini\u00e3o disfar\u00e7ada de dado.<\/p>\n        <\/div>\n\n        <div class=\"porque-item\">\n          <span class=\"pn\">\/02<\/span>\n          <div class=\"pi\">\n            <svg width=\"18\" height=\"18\" viewBox=\"0 0 18 18\" fill=\"none\" stroke=\"currentColor\" stroke-width=\"1.6\"><path d=\"M2 14h14M4 14V9M8 14V5M12 14V11\"\/><circle cx=\"4\" cy=\"9\" r=\"1.2\"\/><circle cx=\"8\" cy=\"5\" r=\"1.2\"\/><circle cx=\"12\" cy=\"11\" r=\"1.2\"\/><\/svg>\n          <\/div>\n          <h3>Benchmarks por segmento<\/h3>\n          <p>Sua marca comparada com quem disputa o mesmo bolso, na mesma janela temporal. Score s\u00f3 faz sentido contra o jogo certo.<\/p>\n        <\/div>\n\n        <div class=\"porque-item\">\n          <span class=\"pn\">\/03<\/span>\n          <div class=\"pi\">\n            <svg width=\"18\" height=\"18\" viewBox=\"0 0 18 18\" fill=\"none\" stroke=\"currentColor\" stroke-width=\"1.6\"><rect x=\"3\" y=\"5\" width=\"12\" height=\"10\" rx=\"1.5\"\/><path d=\"M6 5V3M12 5V3M7 9h1M10 9h1M6 12h6\"\/><\/svg>\n          <\/div>\n          <h3>Agente de IA exclusivo<\/h3>\n          <p>Modelo propriet\u00e1rio da Escala que processa, cruza e qualifica os sinais \u2014 combinando l\u00f3gica de growth com sensibilidade de marca.<\/p>\n        <\/div>\n      <\/div>\n    <\/div>\n  <\/section>\n\n\n  <!-- =================== CTA FINAL =================== -->\n  <section class=\"cta-final\">\n    <div class=\"wrap\">\n      <div class=\"cta-card\">\n        <div>\n          <h2>Gere uma an\u00e1lise de neg\u00f3cio <em>baseada em dados<\/em> agora.<\/h2>\n        <\/div>\n        <div class=\"cta-side\">\n          <button type=\"button\" class=\"btn-primary\" onclick=\"return rxlpGoToForm(event);\">\n            Quero meu Raio-X\n            <svg width=\"18\" height=\"18\" viewBox=\"0 0 16 16\" fill=\"none\" stroke=\"currentColor\" stroke-width=\"2\"><path d=\"M3 8h10M9 4l4 4-4 4\"\/><\/svg>\n          <\/button>\n        <\/div>\n      <\/div>\n    <\/div>\n  <\/section>\n\n<\/div><\/div><\/div>\n<\/div>\n<\/div>\n<\/div>","protected":false},"excerpt":{"rendered":"","protected":false},"author":1,"featured_media":0,"parent":0,"menu_order":0,"comment_status":"closed","ping_status":"closed","template":"","meta":{"inline_featured_image":false,"footnotes":""},"class_list":["post-9","page","type-page","status-publish","hentry"],"_links":{"self":[{"href":"https:\/\/agenciaescala.com.br\/raio-x\/wp-json\/wp\/v2\/pages\/9","targetHints":{"allow":["GET"]}}],"collection":[{"href":"https:\/\/agenciaescala.com.br\/raio-x\/wp-json\/wp\/v2\/pages"}],"about":[{"href":"https:\/\/agenciaescala.com.br\/raio-x\/wp-json\/wp\/v2\/types\/page"}],"author":[{"embeddable":true,"href":"https:\/\/agenciaescala.com.br\/raio-x\/wp-json\/wp\/v2\/users\/1"}],"replies":[{"embeddable":true,"href":"https:\/\/agenciaescala.com.br\/raio-x\/wp-json\/wp\/v2\/comments?post=9"}],"version-history":[{"count":22,"href":"https:\/\/agenciaescala.com.br\/raio-x\/wp-json\/wp\/v2\/pages\/9\/revisions"}],"predecessor-version":[{"id":111,"href":"https:\/\/agenciaescala.com.br\/raio-x\/wp-json\/wp\/v2\/pages\/9\/revisions\/111"}],"wp:attachment":[{"href":"https:\/\/agenciaescala.com.br\/raio-x\/wp-json\/wp\/v2\/media?parent=9"}],"curies":[{"name":"wp","href":"https:\/\/api.w.org\/{rel}","templated":true}]}}